{"id":1254,"date":"2024-04-02T14:06:20","date_gmt":"2024-04-02T14:06:20","guid":{"rendered":"https:\/\/auditia.es\/politica-de-cookies\/"},"modified":"2024-04-02T14:06:20","modified_gmt":"2024-04-02T14:06:20","slug":"politica-de-cookies","status":"publish","type":"page","link":"https:\/\/auditia.es\/ca\/politica-de-cookies\/","title":{"rendered":"POL\u00cdTICA DE COOKIES"},"content":{"rendered":"<p><strong><u>POL\u00cdTICA DE COOKIES<\/u><\/strong><\/p>\n<p>En aquesta web es recopila i utilitza la informaci\u00f3 segons s&#8217;indica a l&#8217;apartat: <a href=\"https:\/\/www.auditia.es\/politica-de-privacidad\/\">Pol\u00edtica de Privadesa<\/a> . Per\u00f2 nosaltres no recopilem informaci\u00f3 a trav\u00e9s de la tecnologia \u201ccookies\u201d, per\u00f2 hi ha companyies que si ho fan com a google, mozilla o apple. <\/p>\n<p><strong>1. Qu\u00e8 \u00e9s una galeta?<\/strong><\/p>\n<p>Una galeta \u00e9s una petita quantitat de text que s&#8217;emmagatzema al vostre navegador (com Chrome de Google o Safari d&#8217;Apple) quan navega per la majoria dels llocs web.<\/p>\n<p><strong>2. Qu\u00e8 NO \u00e9s una galeta?<\/strong><\/p>\n<p>No \u00e9s un virus, ni un troi\u00e0, ni un cuc, ni spam, ni spyware, ni obre finestres pop-up.<\/p>\n<p><strong>3. Quina informaci\u00f3 emmagatzema una galeta?<\/strong><\/p>\n<p>Les cookies no solen emmagatzemar informaci\u00f3 sensible seva, com ara targetes de cr\u00e8dit o dades banc\u00e0ries, fotografies o informaci\u00f3 personal, etc. Les dades que guarden s\u00f3n de car\u00e0cter t\u00e8cnic, estad\u00edstiques, prefer\u00e8ncies personals, personalitzaci\u00f3 de continguts, etc. <\/p>\n<p>El servidor web no l&#8217;associa amb cap persona sin\u00f3 al vostre navegador web. De fet, si navega habitualment amb el navegador Chrome i proveu de navegar per la mateixa web amb el navegador Firefox, veureu que la web no s&#8217;adona que \u00e9s la mateixa persona perqu\u00e8 en realitat est\u00e0 associant la informaci\u00f3 al navegador, no a la persona. <\/p>\n<p><strong>4. Quin tipus de galetes hi ha?<\/strong><\/p>\n<p><strong> <\/strong><strong>Galetes t\u00e8cniques:<\/strong> S\u00f3n les m\u00e9s elementals i permeten, entre altres coses, saber quan est\u00e0 navegant un hum\u00e0 o una aplicaci\u00f3 automatitzada, quan navega un usuari an\u00f2nim i un registrat, tasques b\u00e0siques per al funcionament de qualsevol web din\u00e0mica.<\/p>\n<ul>\n<li><strong>Galetes d&#8217;an\u00e0lisi:<\/strong> recullen informaci\u00f3 sobre el tipus de navegaci\u00f3 que esteu realitzant, les seccions que m\u00e9s utilitzeu, productes consultats, franja hor\u00e0ria d&#8217;\u00fas, idioma, etc.<\/li>\n<li><strong>Galetes publicit\u00e0ries:<\/strong> Mostren publicitat en funci\u00f3 de la seva navegaci\u00f3, el seu pa\u00eds de proced\u00e8ncia, idioma, etc.<\/li>\n<\/ul>\n<p><strong>5. Qu\u00e8 s\u00f3n les cookies pr\u00f2pies i les de tercers?<\/strong><\/p>\n<p>Les cookies pr\u00f2pies s\u00f3n les generades per la p\u00e0gina que esteu visitant i les de tercers s\u00f3n les generades per serveis o prove\u00efdors externs com Mailchimp, MadMimi, Mailrelay, Facebook, Twitter, Instagram, Youtube, Google Adsense, etc.<\/p>\n<p><strong>6. Quines galetes utilitza aquesta web?<\/strong><\/p>\n<p>Aquest web no utilitza cookies pr\u00f2pies encara que no podem garantir que siguin utilitzades cookies de tercers.<\/p>\n<p><strong>7. Es poden eliminar les galetes?<\/strong><\/p>\n<p>S\u00ed, i no nom\u00e9s eliminar, tamb\u00e9 bloquejar, de manera general o particular per a un domini espec\u00edfic.<br \/>\n Per eliminar les cookies d&#8217;un lloc web heu d&#8217;anar a la configuraci\u00f3 del vostre navegador i all\u00e0 podreu buscar les associades al domini en q\u00fcesti\u00f3 i procedir a la seva eliminaci\u00f3.<\/p>\n<ul>\n<li>Configuraci\u00f3 de cookies per <a href=\"http:\/\/support.google.com\/chrome\/bin\/answer.py?hl=es&amp;answer=95647\" target=\"_blank\" rel=\"noopener\">a Google Chrome<\/a><\/li>\n<li>Configuraci\u00f3 de cookies per <a href=\"https:\/\/support.apple.com\/es-es\/HT201265\" target=\"_blank\" rel=\"noopener\">a Apple Safari<\/a><\/li>\n<li>Configuraci\u00f3 de cookies per <a href=\"https:\/\/support.microsoft.com\/en-us\/help\/17442\/windows-internet-explorer-delete-manage-cookies#ie=ie-10\" target=\"_blank\" rel=\"noopener\">a Internet Explorer<\/a><\/li>\n<li>Configuraci\u00f3 de cookies per <a href=\"https:\/\/support.mozilla.org\/es\/kb\/habilitar-y-deshabilitar-cookies-sitios-web-rastrear-preferencias?redirectlocale=es&amp;redirectslug=habilitar-y-deshabilitar-cookies-que-los-sitios-we\" target=\"_blank\" rel=\"noopener\">a Mozilla Firefox<\/a><\/li>\n<\/ul>\n<p><strong>8. M\u00e9s informaci\u00f3 sobre les cookies<\/strong><\/p>\n<p>Podeu consultar el reglament sobre cookies publicat per l&#8217;Ag\u00e8ncia Espanyola de Protecci\u00f3 de Dades a la seva \u201cGuia sobre l&#8217;\u00fas de les cookies\u201d i obtenir m\u00e9s informaci\u00f3 sobre les cookies a Internet, <a href=\"http:\/\/www.aboutcookies.org\/\" target=\"_blank\" rel=\"noopener\">http:\/\/www.aboutcookies.org\/<\/a><\/p>\n<p>Si vols tenir m\u00e9s control sobre la instal\u00b7laci\u00f3 de cookies, pots instal\u00b7lar programes o complements al teu navegador, coneguts com a eines de \u201cDo Not Track\u201d, que et permetran escollir aquelles cookies que desitges permetre.<\/p>\n","protected":false},"excerpt":{"rendered":"<p>POL\u00cdTICA DE COOKIES En aquesta web es recopila i utilitza  [&#8230;]<\/p>\n","protected":false},"author":1,"featured_media":0,"parent":0,"menu_order":0,"comment_status":"closed","ping_status":"closed","template":"100-width.php","meta":{"_acf_changed":false,"footnotes":""},"class_list":["post-1254","page","type-page","status-publish","hentry"],"acf":[],"_links":{"self":[{"href":"https:\/\/auditia.es\/ca\/wp-json\/wp\/v2\/pages\/1254","targetHints":{"allow":["GET"]}}],"collection":[{"href":"https:\/\/auditia.es\/ca\/wp-json\/wp\/v2\/pages"}],"about":[{"href":"https:\/\/auditia.es\/ca\/wp-json\/wp\/v2\/types\/page"}],"author":[{"embeddable":true,"href":"https:\/\/auditia.es\/ca\/wp-json\/wp\/v2\/users\/1"}],"replies":[{"embeddable":true,"href":"https:\/\/auditia.es\/ca\/wp-json\/wp\/v2\/comments?post=1254"}],"version-history":[{"count":0,"href":"https:\/\/auditia.es\/ca\/wp-json\/wp\/v2\/pages\/1254\/revisions"}],"wp:attachment":[{"href":"https:\/\/auditia.es\/ca\/wp-json\/wp\/v2\/media?parent=1254"}],"curies":[{"name":"wp","href":"https:\/\/api.w.org\/{rel}","templated":true}]}}