{"id":1252,"date":"2024-01-29T14:55:59","date_gmt":"2024-01-29T14:55:59","guid":{"rendered":"https:\/\/auditia.es\/sample-page\/"},"modified":"2024-01-29T14:55:59","modified_gmt":"2024-01-29T14:55:59","slug":"sample-page","status":"publish","type":"page","link":"https:\/\/auditia.es\/ca\/sample-page\/","title":{"rendered":"Sample Page"},"content":{"rendered":"\n<p>This is an example page. \u00c9s different del bloc post because el que est\u00e0 en un lloc i s&#8217;explica al lloc de navegaci\u00f3 (in most themes). Most people start with out page that introdu\u00efs them to potential site visitors. It might say something like this:   <\/p>\n\n\n\n<blockquote class=\"wp-block-quote is-layout-flow wp-block-quote-is-layout-flow\"><p>Hi there! I&#8217;m a bike messenger per day, aspiring actor per night, i aquest \u00e9s el meu website. I live in Los Angeles, hi ha great dog named Jack, and I like pinya colades. (And gettin&#8217; caught in the rain.)   <\/p><\/blockquote>\n\n\n\n<p>&#8230;or something like this:<\/p>\n\n\n\n<blockquote class=\"wp-block-quote is-layout-flow wp-block-quote-is-layout-flow\"><p>The XYZ Doohickey Company va ser fundada el 1971, i has be providing qualitat doohickeys al p\u00fablic sense since. Localitzats en Gotham City, XYZ employs over 2,000 people and does all kinds awesome things for the Gotham community. <\/p><\/blockquote>\n\n\n\n<p>Aix a new WordPress user, should go to <a href=\"https:\/\/auditia.es\/wp-admin\/\">your dashboard<\/a> to delete this page and create new pages for your content. Have fun! <\/p>\n","protected":false},"excerpt":{"rendered":"<p>This is an example page. \u00c9s different del bloc post  [&#8230;]<\/p>\n","protected":false},"author":1,"featured_media":0,"parent":0,"menu_order":0,"comment_status":"closed","ping_status":"open","template":"","meta":{"_acf_changed":false,"footnotes":""},"class_list":["post-1252","page","type-page","status-publish","hentry"],"acf":[],"_links":{"self":[{"href":"https:\/\/auditia.es\/ca\/wp-json\/wp\/v2\/pages\/1252","targetHints":{"allow":["GET"]}}],"collection":[{"href":"https:\/\/auditia.es\/ca\/wp-json\/wp\/v2\/pages"}],"about":[{"href":"https:\/\/auditia.es\/ca\/wp-json\/wp\/v2\/types\/page"}],"author":[{"embeddable":true,"href":"https:\/\/auditia.es\/ca\/wp-json\/wp\/v2\/users\/1"}],"replies":[{"embeddable":true,"href":"https:\/\/auditia.es\/ca\/wp-json\/wp\/v2\/comments?post=1252"}],"version-history":[{"count":0,"href":"https:\/\/auditia.es\/ca\/wp-json\/wp\/v2\/pages\/1252\/revisions"}],"wp:attachment":[{"href":"https:\/\/auditia.es\/ca\/wp-json\/wp\/v2\/media?parent=1252"}],"curies":[{"name":"wp","href":"https:\/\/api.w.org\/{rel}","templated":true}]}}